{"id":1055,"date":"2026-02-11T15:07:44","date_gmt":"2026-02-11T15:07:44","guid":{"rendered":"https:\/\/www.flew.berlin\/?page_id=1055"},"modified":"2026-02-11T15:07:44","modified_gmt":"2026-02-11T15:07:44","slug":"mobile-de","status":"publish","type":"page","link":"https:\/\/www.flew.berlin\/?page_id=1055","title":{"rendered":"MOBILE.de"},"content":{"rendered":"\n<h2 class=\"wp-block-heading\"><strong>Mobile.de \u2013 Strategische Begleitung der Einf\u00fchrung der Kategorie: E-Bikes @mobile.de<\/strong><\/h2>\n\n\n\n<p>F\u00fcr <strong>Mobile.de<\/strong> erarbeiteten wir unter der Leitung von <strong>Nico<\/strong> eine <strong>umfassende Strategie<\/strong> w\u00e4hrend der <strong>Einf\u00fchrungsphase von <a href=\"https:\/\/www.mobile.de\/e-bikes\/\">E-Bikes@mobile.de<\/a><\/strong>. Ziel war es, <strong>Handel, Hersteller und Plattform optimal zu vernetzen<\/strong> und die Einf\u00fchrung der E-Bike-Kategorie nachhaltig zu begleiten.<\/p>\n\n\n\n<p>Im Rahmen der <strong>klassischen Beratungsphase<\/strong> analysierten wir Markt und Zielgruppen, identifizierten Herausforderungen und H\u00fcrden und entwickelten <strong>skalierbare, nachvollziehbare L\u00f6sungen<\/strong>. Darauf aufbauend entwarfen wir Konzepte, um die Zusammenarbeit zwischen <strong>Branchenakteuren, Herstellern und der Plattform<\/strong> effizient und transparent zu gestalten.<\/p>\n\n\n\n<p>Ein besonderer Schwerpunkt lag auf der <strong>Branchenkommunikation<\/strong>: Nico nahm an einem <strong>Branchenkongress<\/strong> teil, um \u00fcber die neue E-Bike-Kategorie aufzukl\u00e4ren, <strong>Hersteller und Handel zu informieren<\/strong> und <strong>Vermittlungsgespr\u00e4che<\/strong> direkt vor Ort zu f\u00fchren. So konnte die Plattform als <strong>neutraler Partner<\/strong> wahrgenommen werden, der den Markt zusammenf\u00fchrt.<\/p>\n\n\n\n<p>Unsere Strategie kombinierte <strong>analytische Planung, operative Begleitung und direkte Branchenkommunikation<\/strong>, um die Einf\u00fchrung von E-Bikes bei Mobile.de <strong>strukturiert, nachvollziehbar und zielgerichtet<\/strong> umzusetzen.<\/p>\n","protected":false},"excerpt":{"rendered":"<p>Mobile.de \u2013 Strategische Begleitung der Einf\u00fchrung der Kategorie: E-Bikes @mobile.de F\u00fcr Mobile.de erarbeiteten wir unter der Leitung von Nico eine umfassende Strategie w\u00e4hrend der Einf\u00fchrungsphase von E-Bikes@mobile.de. Ziel war es, Handel, Hersteller und Plattform optimal zu vernetzen und die Einf\u00fchrung der E-Bike-Kategorie nachhaltig zu begleiten. Im Rahmen der klassischen Beratungsphase analysierten wir Markt und Zielgruppen, [&hellip;]<\/p>\n","protected":false},"author":1,"featured_media":0,"parent":0,"menu_order":0,"comment_status":"closed","ping_status":"closed","template":"","meta":{"cybocfi_hide_featured_image":"","footnotes":""},"class_list":["post-1055","page","type-page","status-publish","hentry"],"_links":{"self":[{"href":"https:\/\/www.flew.berlin\/index.php?rest_route=\/wp\/v2\/pages\/1055","targetHints":{"allow":["GET"]}}],"collection":[{"href":"https:\/\/www.flew.berlin\/index.php?rest_route=\/wp\/v2\/pages"}],"about":[{"href":"https:\/\/www.flew.berlin\/index.php?rest_route=\/wp\/v2\/types\/page"}],"author":[{"embeddable":true,"href":"https:\/\/www.flew.berlin\/index.php?rest_route=\/wp\/v2\/users\/1"}],"replies":[{"embeddable":true,"href":"https:\/\/www.flew.berlin\/index.php?rest_route=%2Fwp%2Fv2%2Fcomments&post=1055"}],"version-history":[{"count":1,"href":"https:\/\/www.flew.berlin\/index.php?rest_route=\/wp\/v2\/pages\/1055\/revisions"}],"predecessor-version":[{"id":1056,"href":"https:\/\/www.flew.berlin\/index.php?rest_route=\/wp\/v2\/pages\/1055\/revisions\/1056"}],"wp:attachment":[{"href":"https:\/\/www.flew.berlin\/index.php?rest_route=%2Fwp%2Fv2%2Fmedia&parent=1055"}],"curies":[{"name":"wp","href":"https:\/\/api.w.org\/{rel}","templated":true}]}}