{"id":1044,"date":"2026-02-11T15:01:31","date_gmt":"2026-02-11T15:01:31","guid":{"rendered":"https:\/\/www.flew.berlin\/?page_id=1044"},"modified":"2026-02-11T15:03:00","modified_gmt":"2026-02-11T15:03:00","slug":"fahrer-berlin","status":"publish","type":"page","link":"https:\/\/www.flew.berlin\/?page_id=1044","title":{"rendered":"Fahrer Berlin"},"content":{"rendered":"\n<h2 class=\"wp-block-heading\"><strong>FAHRER Berlin \u2013 20 Jahre Erfolg<\/strong><\/h2>\n\n\n\n<p>Als Zubeh\u00f6rmarke und Produzent verfolgt FAHRER Berlin eine&nbsp;<strong>\u00fcberregionale Markenstrategie<\/strong>. Unser Fokus liegt auf&nbsp;<strong>Markenkommunikation<\/strong>&nbsp;und&nbsp;<strong>D2C-Marketing<\/strong>, um die Marke langfristig zu st\u00e4rken und die Nachfrage im Handel gezielt durch Endkund:innen zu steigern.<\/p>\n\n\n\n<p>2024 erneuerten wir das&nbsp;<strong>Corporate Design und Logo<\/strong>, um die Marke modern und konsistent zu positionieren.<\/p>\n\n\n\n<p>Anl\u00e4sslich des 20-j\u00e4hrigen Jubil\u00e4ums des Gr\u00fcndungsprodukts&nbsp;<strong>BAND<\/strong>&nbsp;entwickelten wir ein innovatives Konzept, das in der Branche v\u00f6llig neu ist. Da keine langfristig gebundenen Moderatoren als Markengesicht verf\u00fcgbar waren, erz\u00e4hlen wir die&nbsp;<strong>Markengeschichte<\/strong>&nbsp;durch eine Kombination aus&nbsp;<strong>Grafik, Animation und Fotografie<\/strong>. Unterst\u00fctzt wird die Pr\u00e4sentation von einem bekannten&nbsp;<strong>Radio- und TV-Moderator<\/strong>, was Vertrauen bei der Zielgruppe aufbaut.<\/p>\n\n\n\n<p>Wir steuern die&nbsp;<strong>sozialen Kan\u00e4le<\/strong>&nbsp;mit unserem Team und \u00fcbernehmen das&nbsp;<strong>Community-Management<\/strong>. Dazu kreieren wir&nbsp;<strong>Video- und Bildsprache<\/strong>&nbsp;f\u00fcr die Marke und verantworten&nbsp;<strong>Paid-Ads-Kampagnen<\/strong>, um Reichweite und Engagement zu maximieren.<\/p>\n\n\n\n<p>Gezielte Kampagnen auf&nbsp;<strong>YouTube, LinkedIn und Instagram<\/strong>&nbsp;f\u00fchrten zu einer deutlichen Steigerung der&nbsp;<strong>Website-Besuche<\/strong>&nbsp;und erh\u00f6hen die&nbsp;<strong>Markenwahrnehmung<\/strong>&nbsp;im Endkundenbereich. Parallel betreuen wir das&nbsp;<strong>Newsletter-Marketing<\/strong>&nbsp;von FAHRER Berlin: Weniger ist mehr \u2013 qualitativ hochwertige Newsletter erg\u00e4nzen redaktionell aufbereitete&nbsp;<strong>Ideengeber auf der Website<\/strong>, um die Zielgruppen gezielt zu erreichen.<\/p>\n\n\n\n<p>Nach einem Rekordjahr im&nbsp;<strong>B2C-Bereich<\/strong>&nbsp;seit Start des Webshops steuern wir nun die kommenden Kampagnen und sichern die nachhaltige Entwicklung der Marke.<\/p>\n\n\n\n<p><\/p>\n","protected":false},"excerpt":{"rendered":"<p>FAHRER Berlin \u2013 20 Jahre Erfolg Als Zubeh\u00f6rmarke und Produzent verfolgt FAHRER Berlin eine&nbsp;\u00fcberregionale Markenstrategie. Unser Fokus liegt auf&nbsp;Markenkommunikation&nbsp;und&nbsp;D2C-Marketing, um die Marke langfristig zu st\u00e4rken und die Nachfrage im Handel gezielt durch Endkund:innen zu steigern. 2024 erneuerten wir das&nbsp;Corporate Design und Logo, um die Marke modern und konsistent zu positionieren. Anl\u00e4sslich des 20-j\u00e4hrigen Jubil\u00e4ums des [&hellip;]<\/p>\n","protected":false},"author":1,"featured_media":0,"parent":0,"menu_order":0,"comment_status":"closed","ping_status":"closed","template":"","meta":{"cybocfi_hide_featured_image":"","footnotes":""},"class_list":["post-1044","page","type-page","status-publish","hentry"],"_links":{"self":[{"href":"https:\/\/www.flew.berlin\/index.php?rest_route=\/wp\/v2\/pages\/1044","targetHints":{"allow":["GET"]}}],"collection":[{"href":"https:\/\/www.flew.berlin\/index.php?rest_route=\/wp\/v2\/pages"}],"about":[{"href":"https:\/\/www.flew.berlin\/index.php?rest_route=\/wp\/v2\/types\/page"}],"author":[{"embeddable":true,"href":"https:\/\/www.flew.berlin\/index.php?rest_route=\/wp\/v2\/users\/1"}],"replies":[{"embeddable":true,"href":"https:\/\/www.flew.berlin\/index.php?rest_route=%2Fwp%2Fv2%2Fcomments&post=1044"}],"version-history":[{"count":2,"href":"https:\/\/www.flew.berlin\/index.php?rest_route=\/wp\/v2\/pages\/1044\/revisions"}],"predecessor-version":[{"id":1047,"href":"https:\/\/www.flew.berlin\/index.php?rest_route=\/wp\/v2\/pages\/1044\/revisions\/1047"}],"wp:attachment":[{"href":"https:\/\/www.flew.berlin\/index.php?rest_route=%2Fwp%2Fv2%2Fmedia&parent=1044"}],"curies":[{"name":"wp","href":"https:\/\/api.w.org\/{rel}","templated":true}]}}